{"id":36766,"date":"2020-12-27T08:23:10","date_gmt":"2020-12-27T08:23:10","guid":{"rendered":"https:\/\/singularyachtcharter.com\/politica-de-privacidade\/"},"modified":"2025-07-07T15:09:56","modified_gmt":"2025-07-07T14:09:56","slug":"politica-de-privacidade","status":"publish","type":"page","link":"https:\/\/singularyachtcharter.com\/pt-pt\/politica-de-privacidade\/","title":{"rendered":"Pol\u00edtica de Privacidade"},"content":{"rendered":"\t\t<div data-elementor-type=\"wp-page\" data-elementor-id=\"36766\" class=\"elementor elementor-36766 elementor-12954\">\n\t\t\t\t\t\t<section class=\"elementor-section elementor-top-section elementor-element elementor-element-2b1184b0 elementor-section-boxed elementor-section-height-default elementor-section-height-default sc_fly_static\" data-id=\"2b1184b0\" data-element_type=\"section\" data-settings=\"{&quot;background_background&quot;:&quot;classic&quot;}\">\n\t\t\t\t\t\t<div class=\"elementor-container elementor-column-gap-extended\">\n\t\t\t\t\t<div class=\"elementor-column elementor-col-100 elementor-top-column elementor-element elementor-element-153e1c19 sc_content_align_inherit sc_layouts_column_icons_position_left sc_fly_static\" data-id=\"153e1c19\" data-element_type=\"column\">\n\t\t\t<div class=\"elementor-widget-wrap elementor-element-populated\">\n\t\t\t\t\t\t<div class=\"elementor-element elementor-element-26b287a sc_fly_static elementor-widget elementor-widget-heading\" data-id=\"26b287a\" data-element_type=\"widget\" data-widget_type=\"heading.default\">\n\t\t\t\t<div class=\"elementor-widget-container\">\n\t\t\t\t\t<h3 class=\"elementor-heading-title elementor-size-default\">1. Introdu\u00e7\u00e3o<\/h3>\t\t\t\t<\/div>\n\t\t\t\t<\/div>\n\t\t\t\t<div class=\"elementor-element elementor-element-b4b8689 sc_fly_static elementor-widget elementor-widget-spacer\" data-id=\"b4b8689\" data-element_type=\"widget\" data-widget_type=\"spacer.default\">\n\t\t\t\t<div class=\"elementor-widget-container\">\n\t\t\t\t\t\t\t<div class=\"elementor-spacer\">\n\t\t\t<div class=\"elementor-spacer-inner\"><\/div>\n\t\t<\/div>\n\t\t\t\t\t\t<\/div>\n\t\t\t\t<\/div>\n\t\t\t\t<div class=\"elementor-element elementor-element-54db29de sc_fly_static elementor-widget elementor-widget-text-editor\" data-id=\"54db29de\" data-element_type=\"widget\" data-widget_type=\"text-editor.default\">\n\t\t\t\t<div class=\"elementor-widget-container\">\n\t\t\t\t\t\t\t\t\t<div>A Singular Yacht Charter agradece a sua confian\u00e7a e prefer\u00eancia. Somos uma marca da Sea Madeira, Lda., empresa sediada na Ilha da Madeira, Portugal, dedicada \u00e0 anima\u00e7\u00e3o tur\u00edstica e mar\u00edtimo-tur\u00edstica, transporte de passageiros e aluguer de equipamento. Por favor, leia atentamente esta Pol\u00edtica de Privacidade e confirme a sua aceita\u00e7\u00e3o para poder utilizar os nossos servi\u00e7os.<\/div>\t\t\t\t\t\t\t\t<\/div>\n\t\t\t\t<\/div>\n\t\t\t\t<div class=\"elementor-element elementor-element-ac156f7 sc_fly_static elementor-widget elementor-widget-spacer\" data-id=\"ac156f7\" data-element_type=\"widget\" data-widget_type=\"spacer.default\">\n\t\t\t\t<div class=\"elementor-widget-container\">\n\t\t\t\t\t\t\t<div class=\"elementor-spacer\">\n\t\t\t<div class=\"elementor-spacer-inner\"><\/div>\n\t\t<\/div>\n\t\t\t\t\t\t<\/div>\n\t\t\t\t<\/div>\n\t\t\t\t<div class=\"elementor-element elementor-element-451606b sc_fly_static elementor-widget elementor-widget-heading\" data-id=\"451606b\" data-element_type=\"widget\" data-widget_type=\"heading.default\">\n\t\t\t\t<div class=\"elementor-widget-container\">\n\t\t\t\t\t<h3 class=\"elementor-heading-title elementor-size-default\">2. Dados Recolhidos<\/h3>\t\t\t\t<\/div>\n\t\t\t\t<\/div>\n\t\t\t\t<div class=\"elementor-element elementor-element-e01aff4 sc_fly_static elementor-widget elementor-widget-spacer\" data-id=\"e01aff4\" data-element_type=\"widget\" data-widget_type=\"spacer.default\">\n\t\t\t\t<div class=\"elementor-widget-container\">\n\t\t\t\t\t\t\t<div class=\"elementor-spacer\">\n\t\t\t<div class=\"elementor-spacer-inner\"><\/div>\n\t\t<\/div>\n\t\t\t\t\t\t<\/div>\n\t\t\t\t<\/div>\n\t\t\t\t<div class=\"elementor-element elementor-element-ee3989c sc_fly_static elementor-widget elementor-widget-text-editor\" data-id=\"ee3989c\" data-element_type=\"widget\" data-widget_type=\"text-editor.default\">\n\t\t\t\t<div class=\"elementor-widget-container\">\n\t\t\t\t\t\t\t\t\t<div><strong>Local de Armazenamento de Dados<\/strong><\/div><div>Sendo uma empresa sediada na Ilha da Madeira, operamos servidores web localizados em Portugal. O nosso fornecedor de alojamento, WebHS, cumpre com o acordo \u201cPrivacy Shield\u201d UE\/EUA, garantindo que os seus dados s\u00e3o armazenados de forma segura e em conformidade com o RGPD. Para mais informa\u00e7\u00f5es, consulte a Pol\u00edtica de Privacidade da WebSP &#8211; Com\u00e9rcio e presta\u00e7\u00e3o de servi\u00e7os inform\u00e1ticos, Lda, detentora da marca WebHS em Portugal.  <\/div><div> <\/div><div><strong>Dados de Registo<\/strong><\/div><div>Se se registar no nosso site, armazenamos o nome de utilizador, o endere\u00e7o de e-mail e quaisquer outras informa\u00e7\u00f5es pessoais que adicionar ao seu perfil. Pode visualizar, editar ou eliminar os seus dados pessoais a qualquer momento (com exce\u00e7\u00e3o do nome de utilizador). Os administradores do site tamb\u00e9m t\u00eam acesso a estas informa\u00e7\u00f5es.  <\/div><div> <\/div><div><strong>Dados de Compra<\/strong><\/div><div>Para receber apoio ao cliente, \u00e9 necess\u00e1rio que introduza um ou mais c\u00f3digos de compra na Singular Yacht Charter. Estes c\u00f3digos s\u00e3o armazenados juntamente com a data de validade do suporte e os seus dados de utilizador. Esta informa\u00e7\u00e3o \u00e9 essencial para permitir o acesso a apoio ao cliente e outros servi\u00e7os.  <\/div><div> <\/div><div><strong>Dados de Suporte<\/strong><\/div><div>Se estiver registado no nosso site e tiver uma conta de suporte v\u00e1lida, poder\u00e1 submeter pedidos de assist\u00eancia. Apenas os dados fornecidos explicitamente s\u00e3o recolhidos, e \u00e9 solicitado o seu consentimento sempre que envia um novo pedido. <\/div><div> <\/div><div><strong>Formul\u00e1rio de Contacto<\/strong><\/div><div>Quando envia alguma mensagem atrav\u00e9s do site, recolhemos os dados do formul\u00e1rio, o endere\u00e7o IP e o tipo de navegador utilizado, para fins de dete\u00e7\u00e3o de fraude e seguran\u00e7a.<\/div>\t\t\t\t\t\t\t\t<\/div>\n\t\t\t\t<\/div>\n\t\t\t\t<div class=\"elementor-element elementor-element-d800d8a sc_fly_static elementor-widget elementor-widget-spacer\" data-id=\"d800d8a\" data-element_type=\"widget\" data-widget_type=\"spacer.default\">\n\t\t\t\t<div class=\"elementor-widget-container\">\n\t\t\t\t\t\t\t<div class=\"elementor-spacer\">\n\t\t\t<div class=\"elementor-spacer-inner\"><\/div>\n\t\t<\/div>\n\t\t\t\t\t\t<\/div>\n\t\t\t\t<\/div>\n\t\t\t\t<div class=\"elementor-element elementor-element-ecfa92a sc_fly_static elementor-widget elementor-widget-heading\" data-id=\"ecfa92a\" data-element_type=\"widget\" data-widget_type=\"heading.default\">\n\t\t\t\t<div class=\"elementor-widget-container\">\n\t\t\t\t\t<h3 class=\"elementor-heading-title elementor-size-default\">3. Per\u00edodo de Reten\u00e7\u00e3o dos Dados<\/h3>\t\t\t\t<\/div>\n\t\t\t\t<\/div>\n\t\t\t\t<div class=\"elementor-element elementor-element-adb7b18 sc_fly_static elementor-widget elementor-widget-spacer\" data-id=\"adb7b18\" data-element_type=\"widget\" data-widget_type=\"spacer.default\">\n\t\t\t\t<div class=\"elementor-widget-container\">\n\t\t\t\t\t\t\t<div class=\"elementor-spacer\">\n\t\t\t<div class=\"elementor-spacer-inner\"><\/div>\n\t\t<\/div>\n\t\t\t\t\t\t<\/div>\n\t\t\t\t<\/div>\n\t\t\t\t<div class=\"elementor-element elementor-element-af76285 sc_fly_static elementor-widget elementor-widget-text-editor\" data-id=\"af76285\" data-element_type=\"widget\" data-widget_type=\"text-editor.default\">\n\t\t\t\t<div class=\"elementor-widget-container\">\n\t\t\t\t\t\t\t\t\t<p>Os dados pessoais s\u00e3o conservados apenas pelo per\u00edodo necess\u00e1rio para cumprir as finalidades para as quais foram recolhidos, ou durante o tempo exigido por obriga\u00e7\u00f5es legais. Ap\u00f3s esse per\u00edodo, os dados ser\u00e3o eliminados de forma segura. <\/p>\t\t\t\t\t\t\t\t<\/div>\n\t\t\t\t<\/div>\n\t\t\t\t<div class=\"elementor-element elementor-element-29249e4 sc_fly_static elementor-widget elementor-widget-spacer\" data-id=\"29249e4\" data-element_type=\"widget\" data-widget_type=\"spacer.default\">\n\t\t\t\t<div class=\"elementor-widget-container\">\n\t\t\t\t\t\t\t<div class=\"elementor-spacer\">\n\t\t\t<div class=\"elementor-spacer-inner\"><\/div>\n\t\t<\/div>\n\t\t\t\t\t\t<\/div>\n\t\t\t\t<\/div>\n\t\t\t\t<div class=\"elementor-element elementor-element-0cd62e1 sc_fly_static elementor-widget elementor-widget-heading\" data-id=\"0cd62e1\" data-element_type=\"widget\" data-widget_type=\"heading.default\">\n\t\t\t\t<div class=\"elementor-widget-container\">\n\t\t\t\t\t<h3 class=\"elementor-heading-title elementor-size-default\">4. Direitos dos Titulares dos Dados<\/h3>\t\t\t\t<\/div>\n\t\t\t\t<\/div>\n\t\t\t\t<div class=\"elementor-element elementor-element-28f1ac1 sc_fly_static elementor-widget elementor-widget-spacer\" data-id=\"28f1ac1\" data-element_type=\"widget\" data-widget_type=\"spacer.default\">\n\t\t\t\t<div class=\"elementor-widget-container\">\n\t\t\t\t\t\t\t<div class=\"elementor-spacer\">\n\t\t\t<div class=\"elementor-spacer-inner\"><\/div>\n\t\t<\/div>\n\t\t\t\t\t\t<\/div>\n\t\t\t\t<\/div>\n\t\t\t\t<div class=\"elementor-element elementor-element-7dea867 sc_fly_static elementor-widget elementor-widget-text-editor\" data-id=\"7dea867\" data-element_type=\"widget\" data-widget_type=\"text-editor.default\">\n\t\t\t\t<div class=\"elementor-widget-container\">\n\t\t\t\t\t\t\t\t\t<p>Em conformidade com o RGPD, tem o direito de:<\/p><ul><li>Aceder aos seus dados pessoais;<\/li><li>Solicitar a retifica\u00e7\u00e3o de dados incorretos ou desatualizados;<\/li><li>Solicitar o apagamento dos seus dados (\u201cdireito a ser esquecido\u201d);<\/li><li>Solicitar a limita\u00e7\u00e3o do tratamento dos seus dados;<\/li><li>Opor-se ao tratamento dos seus dados;<\/li><li>Solicitar a portabilidade dos seus dados para outra entidade.<\/li><\/ul><p>Para exercer qualquer um destes direitos, contacte-nos atrav\u00e9s do email <a href=\"mailto:info@singularyachtcharter.com\">info@singularyachtcharter.com<\/a>. Comprometemo-nos a responder a todos os pedidos no prazo m\u00e1ximo de 30 dias. <\/p>\t\t\t\t\t\t\t\t<\/div>\n\t\t\t\t<\/div>\n\t\t\t\t<div class=\"elementor-element elementor-element-d606de4 sc_fly_static elementor-widget elementor-widget-spacer\" data-id=\"d606de4\" data-element_type=\"widget\" data-widget_type=\"spacer.default\">\n\t\t\t\t<div class=\"elementor-widget-container\">\n\t\t\t\t\t\t\t<div class=\"elementor-spacer\">\n\t\t\t<div class=\"elementor-spacer-inner\"><\/div>\n\t\t<\/div>\n\t\t\t\t\t\t<\/div>\n\t\t\t\t<\/div>\n\t\t\t\t<div class=\"elementor-element elementor-element-7958ad3 sc_fly_static elementor-widget elementor-widget-heading\" data-id=\"7958ad3\" data-element_type=\"widget\" data-widget_type=\"heading.default\">\n\t\t\t\t<div class=\"elementor-widget-container\">\n\t\t\t\t\t<h3 class=\"elementor-heading-title elementor-size-default\">5. Partilha de Dados com Terceiros<\/h3>\t\t\t\t<\/div>\n\t\t\t\t<\/div>\n\t\t\t\t<div class=\"elementor-element elementor-element-d13b661 sc_fly_static elementor-widget elementor-widget-spacer\" data-id=\"d13b661\" data-element_type=\"widget\" data-widget_type=\"spacer.default\">\n\t\t\t\t<div class=\"elementor-widget-container\">\n\t\t\t\t\t\t\t<div class=\"elementor-spacer\">\n\t\t\t<div class=\"elementor-spacer-inner\"><\/div>\n\t\t<\/div>\n\t\t\t\t\t\t<\/div>\n\t\t\t\t<\/div>\n\t\t\t\t<div class=\"elementor-element elementor-element-af555c1 sc_fly_static elementor-widget elementor-widget-text-editor\" data-id=\"af555c1\" data-element_type=\"widget\" data-widget_type=\"text-editor.default\">\n\t\t\t\t<div class=\"elementor-widget-container\">\n\t\t\t\t\t\t\t\t\t<p>Os seus dados pessoais n\u00e3o s\u00e3o partilhados com terceiros, exceto quando tal seja necess\u00e1rio para o cumprimento de obriga\u00e7\u00f5es legais ou para a presta\u00e7\u00e3o dos nossos servi\u00e7os (por exemplo, fornecedores de alojamento). Sempre que tal aconte\u00e7a, garantimos que os terceiros cumprem as normas de prote\u00e7\u00e3o de dados aplic\u00e1veis. <\/p>\t\t\t\t\t\t\t\t<\/div>\n\t\t\t\t<\/div>\n\t\t\t\t<div class=\"elementor-element elementor-element-7ab757b sc_fly_static elementor-widget elementor-widget-spacer\" data-id=\"7ab757b\" data-element_type=\"widget\" data-widget_type=\"spacer.default\">\n\t\t\t\t<div class=\"elementor-widget-container\">\n\t\t\t\t\t\t\t<div class=\"elementor-spacer\">\n\t\t\t<div class=\"elementor-spacer-inner\"><\/div>\n\t\t<\/div>\n\t\t\t\t\t\t<\/div>\n\t\t\t\t<\/div>\n\t\t\t\t<div class=\"elementor-element elementor-element-fd0b2ec sc_fly_static elementor-widget elementor-widget-heading\" data-id=\"fd0b2ec\" data-element_type=\"widget\" data-widget_type=\"heading.default\">\n\t\t\t\t<div class=\"elementor-widget-container\">\n\t\t\t\t\t<h3 class=\"elementor-heading-title elementor-size-default\">6. Medidas de Seguran\u00e7a<\/h3>\t\t\t\t<\/div>\n\t\t\t\t<\/div>\n\t\t\t\t<div class=\"elementor-element elementor-element-2ee4d2f sc_fly_static elementor-widget elementor-widget-spacer\" data-id=\"2ee4d2f\" data-element_type=\"widget\" data-widget_type=\"spacer.default\">\n\t\t\t\t<div class=\"elementor-widget-container\">\n\t\t\t\t\t\t\t<div class=\"elementor-spacer\">\n\t\t\t<div class=\"elementor-spacer-inner\"><\/div>\n\t\t<\/div>\n\t\t\t\t\t\t<\/div>\n\t\t\t\t<\/div>\n\t\t\t\t<div class=\"elementor-element elementor-element-6d18c1d sc_fly_static elementor-widget elementor-widget-text-editor\" data-id=\"6d18c1d\" data-element_type=\"widget\" data-widget_type=\"text-editor.default\">\n\t\t\t\t<div class=\"elementor-widget-container\">\n\t\t\t\t\t\t\t\t\t<p>Adotamos medidas t\u00e9cnicas e organizacionais adequadas para proteger os seus dados pessoais contra acesso n\u00e3o autorizado, perda, destrui\u00e7\u00e3o ou altera\u00e7\u00e3o. Estas medidas incluem encripta\u00e7\u00e3o, firewalls, controlo de acessos e pol\u00edticas de forma\u00e7\u00e3o interna. <\/p>\t\t\t\t\t\t\t\t<\/div>\n\t\t\t\t<\/div>\n\t\t\t\t<div class=\"elementor-element elementor-element-cd2d390 sc_fly_static elementor-widget elementor-widget-spacer\" data-id=\"cd2d390\" data-element_type=\"widget\" data-widget_type=\"spacer.default\">\n\t\t\t\t<div class=\"elementor-widget-container\">\n\t\t\t\t\t\t\t<div class=\"elementor-spacer\">\n\t\t\t<div class=\"elementor-spacer-inner\"><\/div>\n\t\t<\/div>\n\t\t\t\t\t\t<\/div>\n\t\t\t\t<\/div>\n\t\t\t\t<div class=\"elementor-element elementor-element-481c05f sc_fly_static elementor-widget elementor-widget-heading\" data-id=\"481c05f\" data-element_type=\"widget\" data-widget_type=\"heading.default\">\n\t\t\t\t<div class=\"elementor-widget-container\">\n\t\t\t\t\t<h3 class=\"elementor-heading-title elementor-size-default\">7. Cookies e Tecnologias Semelhantes<\/h3>\t\t\t\t<\/div>\n\t\t\t\t<\/div>\n\t\t\t\t<div class=\"elementor-element elementor-element-616e3fb sc_fly_static elementor-widget elementor-widget-spacer\" data-id=\"616e3fb\" data-element_type=\"widget\" data-widget_type=\"spacer.default\">\n\t\t\t\t<div class=\"elementor-widget-container\">\n\t\t\t\t\t\t\t<div class=\"elementor-spacer\">\n\t\t\t<div class=\"elementor-spacer-inner\"><\/div>\n\t\t<\/div>\n\t\t\t\t\t\t<\/div>\n\t\t\t\t<\/div>\n\t\t\t\t<div class=\"elementor-element elementor-element-42be5a2 sc_fly_static elementor-widget elementor-widget-text-editor\" data-id=\"42be5a2\" data-element_type=\"widget\" data-widget_type=\"text-editor.default\">\n\t\t\t\t<div class=\"elementor-widget-container\">\n\t\t\t\t\t\t\t\t\t<p>O nosso site utiliza cookies para melhorar a experi\u00eancia do utilizador, analisar o tr\u00e1fego e personalizar conte\u00fados. Pode gerir as suas prefer\u00eancias de cookies atrav\u00e9s das defini\u00e7\u00f5es do seu navegador. <\/p>\t\t\t\t\t\t\t\t<\/div>\n\t\t\t\t<\/div>\n\t\t\t\t<div class=\"elementor-element elementor-element-b896d1b sc_fly_static elementor-widget elementor-widget-spacer\" data-id=\"b896d1b\" data-element_type=\"widget\" data-widget_type=\"spacer.default\">\n\t\t\t\t<div class=\"elementor-widget-container\">\n\t\t\t\t\t\t\t<div class=\"elementor-spacer\">\n\t\t\t<div class=\"elementor-spacer-inner\"><\/div>\n\t\t<\/div>\n\t\t\t\t\t\t<\/div>\n\t\t\t\t<\/div>\n\t\t\t\t<div class=\"elementor-element elementor-element-e59c965 sc_fly_static elementor-widget elementor-widget-heading\" data-id=\"e59c965\" data-element_type=\"widget\" data-widget_type=\"heading.default\">\n\t\t\t\t<div class=\"elementor-widget-container\">\n\t\t\t\t\t<h3 class=\"elementor-heading-title elementor-size-default\">8. Atualiza\u00e7\u00f5es da Pol\u00edtica de Privacidade<\/h3>\t\t\t\t<\/div>\n\t\t\t\t<\/div>\n\t\t\t\t<div class=\"elementor-element elementor-element-ae54a3c sc_fly_static elementor-widget elementor-widget-spacer\" data-id=\"ae54a3c\" data-element_type=\"widget\" data-widget_type=\"spacer.default\">\n\t\t\t\t<div class=\"elementor-widget-container\">\n\t\t\t\t\t\t\t<div class=\"elementor-spacer\">\n\t\t\t<div class=\"elementor-spacer-inner\"><\/div>\n\t\t<\/div>\n\t\t\t\t\t\t<\/div>\n\t\t\t\t<\/div>\n\t\t\t\t<div class=\"elementor-element elementor-element-b90b36b sc_fly_static elementor-widget elementor-widget-text-editor\" data-id=\"b90b36b\" data-element_type=\"widget\" data-widget_type=\"text-editor.default\">\n\t\t\t\t<div class=\"elementor-widget-container\">\n\t\t\t\t\t\t\t\t\t<p>Reservamo-nos o direito de atualizar esta pol\u00edtica a qualquer momento. Sempre que forem feitas altera\u00e7\u00f5es significativas, notificaremos os utilizadores atrav\u00e9s do site ou por email. <\/p>\t\t\t\t\t\t\t\t<\/div>\n\t\t\t\t<\/div>\n\t\t\t\t<div class=\"elementor-element elementor-element-c9872de sc_fly_static elementor-widget elementor-widget-spacer\" data-id=\"c9872de\" data-element_type=\"widget\" data-widget_type=\"spacer.default\">\n\t\t\t\t<div class=\"elementor-widget-container\">\n\t\t\t\t\t\t\t<div class=\"elementor-spacer\">\n\t\t\t<div class=\"elementor-spacer-inner\"><\/div>\n\t\t<\/div>\n\t\t\t\t\t\t<\/div>\n\t\t\t\t<\/div>\n\t\t\t\t<div class=\"elementor-element elementor-element-e8354e8 sc_fly_static elementor-widget elementor-widget-heading\" data-id=\"e8354e8\" data-element_type=\"widget\" data-widget_type=\"heading.default\">\n\t\t\t\t<div class=\"elementor-widget-container\">\n\t\t\t\t\t<h3 class=\"elementor-heading-title elementor-size-default\">9. Contacto e Respons\u00e1vel pela Prote\u00e7\u00e3o de Dados<\/h3>\t\t\t\t<\/div>\n\t\t\t\t<\/div>\n\t\t\t\t<div class=\"elementor-element elementor-element-89b263b sc_fly_static elementor-widget elementor-widget-spacer\" data-id=\"89b263b\" data-element_type=\"widget\" data-widget_type=\"spacer.default\">\n\t\t\t\t<div class=\"elementor-widget-container\">\n\t\t\t\t\t\t\t<div class=\"elementor-spacer\">\n\t\t\t<div class=\"elementor-spacer-inner\"><\/div>\n\t\t<\/div>\n\t\t\t\t\t\t<\/div>\n\t\t\t\t<\/div>\n\t\t\t\t<div class=\"elementor-element elementor-element-4ca97c9 sc_fly_static elementor-widget elementor-widget-text-editor\" data-id=\"4ca97c9\" data-element_type=\"widget\" data-widget_type=\"text-editor.default\">\n\t\t\t\t<div class=\"elementor-widget-container\">\n\t\t\t\t\t\t\t\t\t<p>Para qualquer quest\u00e3o relacionada com a privacidade ou o tratamento dos seus dados pessoais, contacte-nos atrav\u00e9s do email <a href=\"mailto:info@singularyachtcharter.com\">info@singularyachtcharter.com<\/a>.<\/p>\t\t\t\t\t\t\t\t<\/div>\n\t\t\t\t<\/div>\n\t\t\t\t<div class=\"elementor-element elementor-element-f8faad1 sc_fly_static elementor-widget elementor-widget-spacer\" data-id=\"f8faad1\" data-element_type=\"widget\" data-widget_type=\"spacer.default\">\n\t\t\t\t<div class=\"elementor-widget-container\">\n\t\t\t\t\t\t\t<div class=\"elementor-spacer\">\n\t\t\t<div class=\"elementor-spacer-inner\"><\/div>\n\t\t<\/div>\n\t\t\t\t\t\t<\/div>\n\t\t\t\t<\/div>\n\t\t\t\t<div class=\"elementor-element elementor-element-592761a sc_fly_static elementor-widget elementor-widget-heading\" data-id=\"592761a\" data-element_type=\"widget\" data-widget_type=\"heading.default\">\n\t\t\t\t<div class=\"elementor-widget-container\">\n\t\t\t\t\t<h3 class=\"elementor-heading-title elementor-size-default\">10. Direito de Reclama\u00e7\u00e3o<\/h3>\t\t\t\t<\/div>\n\t\t\t\t<\/div>\n\t\t\t\t<div class=\"elementor-element elementor-element-fe95b58 sc_fly_static elementor-widget elementor-widget-spacer\" data-id=\"fe95b58\" data-element_type=\"widget\" data-widget_type=\"spacer.default\">\n\t\t\t\t<div class=\"elementor-widget-container\">\n\t\t\t\t\t\t\t<div class=\"elementor-spacer\">\n\t\t\t<div class=\"elementor-spacer-inner\"><\/div>\n\t\t<\/div>\n\t\t\t\t\t\t<\/div>\n\t\t\t\t<\/div>\n\t\t\t\t<div class=\"elementor-element elementor-element-cf5d489 sc_fly_static elementor-widget elementor-widget-text-editor\" data-id=\"cf5d489\" data-element_type=\"widget\" data-widget_type=\"text-editor.default\">\n\t\t\t\t<div class=\"elementor-widget-container\">\n\t\t\t\t\t\t\t\t\t<p>Se considerar que os seus dados n\u00e3o est\u00e3o a ser tratados em conformidade com a legisla\u00e7\u00e3o aplic\u00e1vel, tem o direito de apresentar reclama\u00e7\u00e3o junto da Comiss\u00e3o Nacional de Prote\u00e7\u00e3o de Dados (CNPD).<\/p>\t\t\t\t\t\t\t\t<\/div>\n\t\t\t\t<\/div>\n\t\t\t\t\t<\/div>\n\t\t<\/div>\n\t\t\t\t\t<\/div>\n\t\t<\/section>\n\t\t\t\t<section class=\"elementor-section elementor-top-section elementor-element elementor-element-7ef86bc8 elementor-section-boxed elementor-section-height-default elementor-section-height-default sc_fly_static\" data-id=\"7ef86bc8\" data-element_type=\"section\">\n\t\t\t\t\t\t<div class=\"elementor-container elementor-column-gap-extended\">\n\t\t\t\t\t<div class=\"elementor-column elementor-col-100 elementor-top-column elementor-element elementor-element-19372eea sc_content_align_inherit sc_layouts_column_icons_position_left sc_fly_static\" data-id=\"19372eea\" data-element_type=\"column\">\n\t\t\t<div class=\"elementor-widget-wrap elementor-element-populated\">\n\t\t\t\t\t\t<div class=\"elementor-element elementor-element-690b98ed sc_fly_static elementor-widget elementor-widget-spacer\" data-id=\"690b98ed\" data-element_type=\"widget\" data-widget_type=\"spacer.default\">\n\t\t\t\t<div class=\"elementor-widget-container\">\n\t\t\t\t\t\t\t<div class=\"elementor-spacer\">\n\t\t\t<div class=\"elementor-spacer-inner\"><\/div>\n\t\t<\/div>\n\t\t\t\t\t\t<\/div>\n\t\t\t\t<\/div>\n\t\t\t\t\t<\/div>\n\t\t<\/div>\n\t\t\t\t\t<\/div>\n\t\t<\/section>\n\t\t\t\t<\/div>\n\t\t","protected":false},"excerpt":{"rendered":"<p>1. Introdu\u00e7\u00e3o A Singular Yacht Charter agradece a sua confian\u00e7a e prefer\u00eancia. Somos uma marca da Sea Madeira, Lda., empresa sediada na Ilha da Madeira, Portugal, dedicada \u00e0 anima\u00e7\u00e3o tur\u00edstica&hellip;<\/p>\n","protected":false},"author":1,"featured_media":36618,"parent":0,"menu_order":0,"comment_status":"closed","ping_status":"closed","template":"","meta":{"footnotes":""},"class_list":["post-36766","page","type-page","status-publish","has-post-thumbnail","hentry"],"_links":{"self":[{"href":"https:\/\/singularyachtcharter.com\/pt-pt\/wp-json\/wp\/v2\/pages\/36766","targetHints":{"allow":["GET"]}}],"collection":[{"href":"https:\/\/singularyachtcharter.com\/pt-pt\/wp-json\/wp\/v2\/pages"}],"about":[{"href":"https:\/\/singularyachtcharter.com\/pt-pt\/wp-json\/wp\/v2\/types\/page"}],"author":[{"embeddable":true,"href":"https:\/\/singularyachtcharter.com\/pt-pt\/wp-json\/wp\/v2\/users\/1"}],"replies":[{"embeddable":true,"href":"https:\/\/singularyachtcharter.com\/pt-pt\/wp-json\/wp\/v2\/comments?post=36766"}],"version-history":[{"count":4,"href":"https:\/\/singularyachtcharter.com\/pt-pt\/wp-json\/wp\/v2\/pages\/36766\/revisions"}],"predecessor-version":[{"id":36928,"href":"https:\/\/singularyachtcharter.com\/pt-pt\/wp-json\/wp\/v2\/pages\/36766\/revisions\/36928"}],"wp:featuredmedia":[{"embeddable":true,"href":"https:\/\/singularyachtcharter.com\/pt-pt\/wp-json\/wp\/v2\/media\/36618"}],"wp:attachment":[{"href":"https:\/\/singularyachtcharter.com\/pt-pt\/wp-json\/wp\/v2\/media?parent=36766"}],"curies":[{"name":"wp","href":"https:\/\/api.w.org\/{rel}","templated":true}]}}