{"id":36626,"date":"2025-06-02T12:32:37","date_gmt":"2025-06-02T11:32:37","guid":{"rendered":"https:\/\/singularyachtcharter.com\/termos-e-condicoes\/"},"modified":"2025-07-07T15:12:51","modified_gmt":"2025-07-07T14:12:51","slug":"termos-e-condicoes","status":"publish","type":"page","link":"https:\/\/singularyachtcharter.com\/pt-pt\/termos-e-condicoes\/","title":{"rendered":"Termos e Condi\u00e7\u00f5es"},"content":{"rendered":"\t\t<div data-elementor-type=\"wp-page\" data-elementor-id=\"36626\" class=\"elementor elementor-36626 elementor-35920\">\n\t\t\t\t\t\t<section class=\"elementor-section elementor-top-section elementor-element elementor-element-1e67129 elementor-section-boxed elementor-section-height-default elementor-section-height-default sc_fly_static\" data-id=\"1e67129\" data-element_type=\"section\" data-settings=\"{&quot;background_background&quot;:&quot;classic&quot;}\">\n\t\t\t\t\t\t<div class=\"elementor-container elementor-column-gap-extended\">\n\t\t\t\t\t<div class=\"elementor-column elementor-col-100 elementor-top-column elementor-element elementor-element-6058061 sc_content_align_inherit sc_layouts_column_icons_position_left sc_fly_static\" data-id=\"6058061\" data-element_type=\"column\">\n\t\t\t<div class=\"elementor-widget-wrap elementor-element-populated\">\n\t\t\t\t\t\t<div class=\"elementor-element elementor-element-f6f40c9 sc_fly_static elementor-widget elementor-widget-heading\" data-id=\"f6f40c9\" data-element_type=\"widget\" data-widget_type=\"heading.default\">\n\t\t\t\t<div class=\"elementor-widget-container\">\n\t\t\t\t\t<h3 class=\"elementor-heading-title elementor-size-default\">Termos e Condi\u00e7\u00f5es<\/h3>\t\t\t\t<\/div>\n\t\t\t\t<\/div>\n\t\t\t\t\t<\/div>\n\t\t<\/div>\n\t\t\t\t\t<\/div>\n\t\t<\/section>\n\t\t\t\t<section class=\"elementor-section elementor-top-section elementor-element elementor-element-2d04f5a4 elementor-section-boxed elementor-section-height-default elementor-section-height-default sc_fly_static\" data-id=\"2d04f5a4\" data-element_type=\"section\">\n\t\t\t\t\t\t<div class=\"elementor-container elementor-column-gap-extended\">\n\t\t\t\t\t<div class=\"elementor-column elementor-col-100 elementor-top-column elementor-element elementor-element-ac8a437 sc_content_align_inherit sc_layouts_column_icons_position_left sc_fly_static\" data-id=\"ac8a437\" data-element_type=\"column\">\n\t\t\t<div class=\"elementor-widget-wrap elementor-element-populated\">\n\t\t\t\t\t\t<div class=\"elementor-element elementor-element-5112d68c sc_fly_static elementor-widget elementor-widget-spacer\" data-id=\"5112d68c\" data-element_type=\"widget\" data-widget_type=\"spacer.default\">\n\t\t\t\t<div class=\"elementor-widget-container\">\n\t\t\t\t\t\t\t<div class=\"elementor-spacer\">\n\t\t\t<div class=\"elementor-spacer-inner\"><\/div>\n\t\t<\/div>\n\t\t\t\t\t\t<\/div>\n\t\t\t\t<\/div>\n\t\t\t\t\t<\/div>\n\t\t<\/div>\n\t\t\t\t\t<\/div>\n\t\t<\/section>\n\t\t\t\t<section class=\"elementor-section elementor-top-section elementor-element elementor-element-2b1184b0 elementor-section-boxed elementor-section-height-default elementor-section-height-default sc_fly_static\" data-id=\"2b1184b0\" data-element_type=\"section\" data-settings=\"{&quot;background_background&quot;:&quot;classic&quot;}\">\n\t\t\t\t\t\t<div class=\"elementor-container elementor-column-gap-extended\">\n\t\t\t\t\t<div class=\"elementor-column elementor-col-100 elementor-top-column elementor-element elementor-element-153e1c19 sc_content_align_inherit sc_layouts_column_icons_position_left sc_fly_static\" data-id=\"153e1c19\" data-element_type=\"column\">\n\t\t\t<div class=\"elementor-widget-wrap elementor-element-populated\">\n\t\t\t\t\t\t<div class=\"elementor-element elementor-element-54db29de sc_fly_static elementor-widget elementor-widget-text-editor\" data-id=\"54db29de\" data-element_type=\"widget\" data-widget_type=\"text-editor.default\">\n\t\t\t\t<div class=\"elementor-widget-container\">\n\t\t\t\t\t\t\t\t\t<h5>1. Reservas e Pagamentos<\/h5><ol><li>As reservas devem ser efetuadas com anteced\u00eancia atrav\u00e9s do nosso sistema de<br>reservas, redes sociais, email ou por contacto telef\u00f3nico.<\/li><li>Para garantir a reserva \u00e9 necess\u00e1rio o pagamento de um sinal de 50% do valor total. O valor remanescente dever\u00e1 ser pago at\u00e9 48h antes do embarque.<\/li><li>Reservas de \u00faltima hora (menos de 48h antes da partida) est\u00e3o sujeitas a disponibilidade e pagamento integral no ato da reserva.<\/li><\/ol><h5>2. Cancelamentos e Reembolsos<\/h5><ol><li>Cancelamentos com mais de 10 dias de anteced\u00eancia da data do passeio ter\u00e3o reembolso total.<\/li><li>Cancelamentos entre 10 e 2 dias antes ter\u00e3o um reembolso de 50% do valor total da viagem.<\/li><li>Cancelamentos com menos de 48h ou n\u00e3o compar\u00eancia implicam o pagamento total da viagem.<\/li><li>A Singular Yacht Charter reserva-se o direito de cancelar ou alterar passeios por raz\u00f5es de seguran\u00e7a, condi\u00e7\u00f5es meteorol\u00f3gicas adversas ou for\u00e7a maior. Nestes casos, ser\u00e1 oferecida nova data ou reembolso integral.<\/li><\/ol><h5>3. Seguran\u00e7a a Bordo<\/h5><ol><li>O cumprimento das instru\u00e7\u00f5es do capit\u00e3o e tripula\u00e7\u00e3o \u00e9 obrigat\u00f3rio em todos os momentos.<\/li><li>\u00c9 proibido nadar, mergulhar ou saltar da embarca\u00e7\u00e3o sem autoriza\u00e7\u00e3o expressa do capit\u00e3o.<\/li><li>Crian\u00e7as devem estar sempre acompanhadas por um adulto respons\u00e1vel.<\/li><li>O consumo de subst\u00e2ncias il\u00edcitas a bordo \u00e9 estritamente proibido.<\/li><\/ol><h5>4. Comportamento dos Passageiros<\/h5><ol><li>A Singular Yacht Charter reserva-se o direito de terminar o passeio sem reembolso em caso de comportamento abusivo, imprudente ou que ponha em risco a seguran\u00e7a dos ocupantes ou da embarca\u00e7\u00e3o.<\/li><li>Danos causados \u00e0 embarca\u00e7\u00e3o ou ao equipamento por neglig\u00eancia ser\u00e3o imputados ao cliente.<\/li><li>Apenas \u00e9 permitido fumar na plataforma da popa.<\/li><\/ol><h5>5. Itiner\u00e1rios de viagem<\/h5><ol><li>Devido a condi\u00e7\u00f5es meteorol\u00f3gicas, a viagem pode ter de sofrer altera\u00e7\u00e3o de itiner\u00e1rio, n\u00e3o constituindo motivo para reembolso.<\/li><\/ol><h5>6. Responsabilidade e Seguro<\/h5><ol><li>A Singular Yacht Charter possui todos os seguros de responsabilidade conforme exigido por lei.<\/li><li>A empresa n\u00e3o se responsabiliza por perdas ou danos de bens pessoais durante o passeio. Recomenda-se n\u00e3o levar objetos de valor a bordo que possam cair ao mar.<\/li><li>Poder\u00e1 ser exigida a assinatura de um termo de responsabilidade para a realiza\u00e7\u00e3o de certas atividades complementares ao nosso servi\u00e7o (Sup, jet ski, mergulho, etc).<\/li><li>A empresa solicita que seja informado por parte do cliente qualquer tipo de alergia ou condi\u00e7\u00f5es m\u00e9dicas que possam afetar a viagem.<\/li><\/ol><h5>7. Privacidade e Dados Pessoais<\/h5><ol><li>Os dados fornecidos pelos clientes s\u00e3o tratados de forma confidencial e utilizados exclusivamente para fins de reserva e comunica\u00e7\u00e3o.<\/li><li>A Singular Yacht Charter compromete-se a cumprir a legisla\u00e7\u00e3o aplic\u00e1vel em mat\u00e9ria de prote\u00e7\u00e3o de dados (RGPD).<\/li><\/ol><h5>8. Imagens e Publicidade<\/h5><ol><li>Durante os passeios, poder\u00e3o ser captadas imagens para fins promocionais. Caso n\u00e3o autorize o uso da sua imagem, por favor informe-nos previamente por escrito.<\/li><\/ol><h5>9. Lei Aplic\u00e1vel e Foro Competente<\/h5><ol><li>Estes Termos e Condi\u00e7\u00f5es regem-se pela lei portuguesa.<\/li><li>Para qualquer lit\u00edgio emergente, \u00e9 competente o foro da Comarca do Funchal, com expressa ren\u00fancia a qualquer outro.<\/li><\/ol>\t\t\t\t\t\t\t\t<\/div>\n\t\t\t\t<\/div>\n\t\t\t\t\t<\/div>\n\t\t<\/div>\n\t\t\t\t\t<\/div>\n\t\t<\/section>\n\t\t\t\t<section class=\"elementor-section elementor-top-section elementor-element elementor-element-06284f6 elementor-section-boxed elementor-section-height-default elementor-section-height-default sc_fly_static\" data-id=\"06284f6\" data-element_type=\"section\">\n\t\t\t\t\t\t<div class=\"elementor-container elementor-column-gap-extended\">\n\t\t\t\t\t<div class=\"elementor-column elementor-col-100 elementor-top-column elementor-element elementor-element-8bf798b sc_content_align_inherit sc_layouts_column_icons_position_left sc_fly_static\" data-id=\"8bf798b\" data-element_type=\"column\">\n\t\t\t<div class=\"elementor-widget-wrap elementor-element-populated\">\n\t\t\t\t\t\t<div class=\"elementor-element elementor-element-58c569a sc_fly_static elementor-widget elementor-widget-spacer\" data-id=\"58c569a\" data-element_type=\"widget\" data-widget_type=\"spacer.default\">\n\t\t\t\t<div class=\"elementor-widget-container\">\n\t\t\t\t\t\t\t<div class=\"elementor-spacer\">\n\t\t\t<div class=\"elementor-spacer-inner\"><\/div>\n\t\t<\/div>\n\t\t\t\t\t\t<\/div>\n\t\t\t\t<\/div>\n\t\t\t\t\t<\/div>\n\t\t<\/div>\n\t\t\t\t\t<\/div>\n\t\t<\/section>\n\t\t\t\t<\/div>\n\t\t","protected":false},"excerpt":{"rendered":"<p>Termos e Condi\u00e7\u00f5es 1. Reservas e Pagamentos As reservas devem ser efetuadas com anteced\u00eancia atrav\u00e9s do nosso sistema dereservas, redes sociais, email ou por contacto telef\u00f3nico. Para garantir a reserva&hellip;<\/p>\n","protected":false},"author":1,"featured_media":36618,"parent":0,"menu_order":0,"comment_status":"closed","ping_status":"closed","template":"","meta":{"footnotes":""},"class_list":["post-36626","page","type-page","status-publish","has-post-thumbnail","hentry"],"_links":{"self":[{"href":"https:\/\/singularyachtcharter.com\/pt-pt\/wp-json\/wp\/v2\/pages\/36626","targetHints":{"allow":["GET"]}}],"collection":[{"href":"https:\/\/singularyachtcharter.com\/pt-pt\/wp-json\/wp\/v2\/pages"}],"about":[{"href":"https:\/\/singularyachtcharter.com\/pt-pt\/wp-json\/wp\/v2\/types\/page"}],"author":[{"embeddable":true,"href":"https:\/\/singularyachtcharter.com\/pt-pt\/wp-json\/wp\/v2\/users\/1"}],"replies":[{"embeddable":true,"href":"https:\/\/singularyachtcharter.com\/pt-pt\/wp-json\/wp\/v2\/comments?post=36626"}],"version-history":[{"count":4,"href":"https:\/\/singularyachtcharter.com\/pt-pt\/wp-json\/wp\/v2\/pages\/36626\/revisions"}],"predecessor-version":[{"id":36931,"href":"https:\/\/singularyachtcharter.com\/pt-pt\/wp-json\/wp\/v2\/pages\/36626\/revisions\/36931"}],"wp:featuredmedia":[{"embeddable":true,"href":"https:\/\/singularyachtcharter.com\/pt-pt\/wp-json\/wp\/v2\/media\/36618"}],"wp:attachment":[{"href":"https:\/\/singularyachtcharter.com\/pt-pt\/wp-json\/wp\/v2\/media?parent=36626"}],"curies":[{"name":"wp","href":"https:\/\/api.w.org\/{rel}","templated":true}]}}